{"id":2,"date":"2024-01-15T09:41:37","date_gmt":"2024-01-15T08:41:37","guid":{"rendered":"https:\/\/www.nocancer.at\/?page_id=2"},"modified":"2025-02-05T09:57:14","modified_gmt":"2025-02-05T08:57:14","slug":"startseite","status":"publish","type":"page","link":"https:\/\/www.nocancer.at\/ro\/","title":{"rendered":"no cancer &#8211; Dr. Darius Morariu-Marina"},"content":{"rendered":"<p>Als Ihr Wahlarzt f\u00fcr Onkologie und H\u00e4matologie bin ich auf die <strong>Abkl\u00e4rung, Diagnose und Nachsorge von Krebserkrankungen<\/strong> spezialisiert. Mein Ziel ist es Erkrankungen fr\u00fchzeitig zu erkennen und effektiv zu behandeln, um Ihnen die bestm\u00f6glichen <strong>profesional\u0103 nutri\u021bional\u0103<\/strong> .<\/p>\n\n\n\n<p>Fiecare pacient se afl\u0103 \u00een centrul aten\u021biei mele, <strong>F\u00f6rderung Ihrer ganzheitlichen Gesundheit<\/strong> und Ihres Wohlbefindens. Egal ob Sie spezifische medizinische Herausforderungen haben oder Unterst\u00fctzung in den Bereichen Ern\u00e4hrung und Lebensstil suchen, ich stehe Ihnen zur Seite. <\/p>\n\n\n\n<p class=\"translation-block\"><strong><\/strong><\/p>\n\n\n\n<p class=\"translation-block\"><strong><\/strong><\/p>\n\n\n\n<hr class=\"wp-block-separator has-text-color has-alpha-channel-opacity has-background\" style=\"background-color:#a3c66f;color:#a3c66f\"\/>\n\n\n\n<p class=\"has-text-align-center\"><strong>Face\u021bi o <mark style=\"background-color:rgba(0, 0, 0, 0);color:#799253\" class=\"has-inline-color\">Programare<\/mark><\/strong><\/p>\n\n\n\n<div class=\"wp-block-buttons is-content-justification-center is-layout-flex wp-container-core-buttons-is-layout-8057eaf3 wp-block-buttons-is-layout-flex\">\n<div class=\"wp-block-button is-style-outline is-style-outline--1\"><a class=\"wp-block-button__link has-text-align-center wp-element-button\" href=\"https:\/\/patient.latido.at\/arzt\/_Morariu-Marina\" target=\"_blank\" rel=\"noreferrer noopener\">Programare <\/a><\/div>\n<\/div>\n\n\n\n<hr class=\"wp-block-separator has-text-color has-alpha-channel-opacity has-background\" style=\"background-color:#a3c66f;color:#a3c66f\"\/>\n\n\n\n<h2 class=\"wp-block-heading has-text-align-center\">&#8211;<\/h2>\n\n\n\n&#160;&#160;&#160;&#160;\n\n\n<pre class=\"ti-widget\" style=\"display: none\"><template id=\"trustindex-google-widget-html\"><div class=\"ti-widget  ti-goog ti-review-text-mode-readmore ti-text-align-left\" data-no-translation=\"true\" data-layout-id=\"4\" data-layout-category=\"slider\" data-set-id=\"drop-shadow\" data-pid=\"\" data-language=\"de\" data-close-locale=\"Schlie\u00dfen\" data-review-target-width=\"300\" data-css-version=\"2\" data-review-text-mode=\"readmore\" data-reply-by-locale=\"Antwort des Eigent\u00fcmers\" data-pager-autoplay-timeout=\"6\" > <div class=\"ti-widget-container ti-col-3\"> <div class=\"ti-reviews-container\"> <div class=\"ti-controls\"> <div class=\"ti-next\" aria-label=\"N\u00e4chste Bewertung\" role=\"button\"><\/div> <div class=\"ti-prev\" aria-label=\"Vorherige Bewertung\" role=\"button\"><\/div> <\/div> <div class=\"ti-reviews-container-wrapper\">  <div data-empty=\"0\" class=\"ti-review-item source-Google ti-image-layout-thumbnail\" data-id=\"cfcd208495d565ef66e7dff9f98764da\" > <div class=\"ti-inner\"> <div class=\"ti-review-header\"> <div class=\"ti-platform-icon ti-with-tooltip\"> <span class=\"ti-tooltip\">Gepostet auf <\/span> <trustindex-image data-imgurl=\"https:\/\/cdn.trustindex.io\/assets\/platform\/Google\/icon.svg\" alt=\"\" width=\"20\" height=\"20\" loading=\"lazy\" ><\/trustindex-image> <\/div> <div class=\"ti-profile-img\"> <trustindex-image data-imgurl=\"https:\/\/lh3.googleusercontent.com\/a-\/ALV-UjXzt_8j7EZhhvGDRfnnqwX0t90ge93uAB8yYRKP-TEGQ0U4ATMobw=w40-h40-c-rp-mo-ba3-br100\" data-imgurlset=\"https:\/\/lh3.googleusercontent.com\/a-\/ALV-UjXzt_8j7EZhhvGDRfnnqwX0t90ge93uAB8yYRKP-TEGQ0U4ATMobw=w80-h80-c-rp-mo-ba3-br100 2x\" alt=\"EveryDay HoliDay profile picture\" loading=\"lazy\" ><\/trustindex-image> <\/div> <div class=\"ti-profile-details\"> <div class=\"ti-name\"> EveryDay HoliDay <\/div> <div class=\"ti-date\">18\/01\/2025<\/div> <\/div> <\/div> <span class=\"ti-stars\"><trustindex-image class=\"ti-star\" data-imgurl=\"https:\/\/cdn.trustindex.io\/assets\/platform\/Google\/star\/f.svg\" alt=\"Google\" width=\"17\" height=\"17\" loading=\"lazy\" ><\/trustindex-image><trustindex-image class=\"ti-star\" data-imgurl=\"https:\/\/cdn.trustindex.io\/assets\/platform\/Google\/star\/f.svg\" alt=\"Google\" width=\"17\" height=\"17\" loading=\"lazy\" ><\/trustindex-image><trustindex-image class=\"ti-star\" data-imgurl=\"https:\/\/cdn.trustindex.io\/assets\/platform\/Google\/star\/f.svg\" alt=\"Google\" width=\"17\" height=\"17\" loading=\"lazy\" ><\/trustindex-image><trustindex-image class=\"ti-star\" data-imgurl=\"https:\/\/cdn.trustindex.io\/assets\/platform\/Google\/star\/f.svg\" alt=\"Google\" width=\"17\" height=\"17\" loading=\"lazy\" ><\/trustindex-image><trustindex-image class=\"ti-star\" data-imgurl=\"https:\/\/cdn.trustindex.io\/assets\/platform\/Google\/star\/f.svg\" alt=\"Google\" width=\"17\" height=\"17\" loading=\"lazy\" ><\/trustindex-image><span class=\"ti-verified-review ti-verified-platform\"><span class=\"ti-verified-tooltip\">Trustindex \u00fcberpr\u00fcft, ob die Originalquelle der Bewertung Google ist.<\/span><\/span><\/span> <div class=\"ti-review-text-container ti-review-content\"><!-- R-CONTENT -->Er hat meinem Vater sehr viel geholfen!<!-- R-CONTENT --><\/div> <span class=\"ti-read-more\" data-container=\".ti-review-content\" data-collapse-text=\"Ausblenden\" data-open-text=\"Weiterlesen\" ><\/span> <\/div> <\/div>  <div data-empty=\"0\" class=\"ti-review-item source-Google ti-image-layout-thumbnail\" data-id=\"cfcd208495d565ef66e7dff9f98764da\" > <div class=\"ti-inner\"> <div class=\"ti-review-header\"> <div class=\"ti-platform-icon ti-with-tooltip\"> <span class=\"ti-tooltip\">Gepostet auf <\/span> <trustindex-image data-imgurl=\"https:\/\/cdn.trustindex.io\/assets\/platform\/Google\/icon.svg\" alt=\"\" width=\"20\" height=\"20\" loading=\"lazy\" ><\/trustindex-image> <\/div> <div class=\"ti-profile-img\"> <trustindex-image data-imgurl=\"https:\/\/lh3.googleusercontent.com\/a\/ACg8ocKF7kYINye4aAY9kH9TPMgwlQn-sm6NEsF467nMIgDwrMtZIg=w40-h40-c-rp-mo-br100\" data-imgurlset=\"https:\/\/lh3.googleusercontent.com\/a\/ACg8ocKF7kYINye4aAY9kH9TPMgwlQn-sm6NEsF467nMIgDwrMtZIg=w80-h80-c-rp-mo-br100 2x\" alt=\"Norbert Eidler profile picture\" loading=\"lazy\" ><\/trustindex-image> <\/div> <div class=\"ti-profile-details\"> <div class=\"ti-name\"> Norbert Eidler <\/div> <div class=\"ti-date\">28\/12\/2024<\/div> <\/div> <\/div> <span class=\"ti-stars\"><trustindex-image class=\"ti-star\" data-imgurl=\"https:\/\/cdn.trustindex.io\/assets\/platform\/Google\/star\/f.svg\" alt=\"Google\" width=\"17\" height=\"17\" loading=\"lazy\" ><\/trustindex-image><trustindex-image class=\"ti-star\" data-imgurl=\"https:\/\/cdn.trustindex.io\/assets\/platform\/Google\/star\/f.svg\" alt=\"Google\" width=\"17\" height=\"17\" loading=\"lazy\" ><\/trustindex-image><trustindex-image class=\"ti-star\" data-imgurl=\"https:\/\/cdn.trustindex.io\/assets\/platform\/Google\/star\/f.svg\" alt=\"Google\" width=\"17\" height=\"17\" loading=\"lazy\" ><\/trustindex-image><trustindex-image class=\"ti-star\" data-imgurl=\"https:\/\/cdn.trustindex.io\/assets\/platform\/Google\/star\/f.svg\" alt=\"Google\" width=\"17\" height=\"17\" loading=\"lazy\" ><\/trustindex-image><trustindex-image class=\"ti-star\" data-imgurl=\"https:\/\/cdn.trustindex.io\/assets\/platform\/Google\/star\/f.svg\" alt=\"Google\" width=\"17\" height=\"17\" loading=\"lazy\" ><\/trustindex-image><span class=\"ti-verified-review ti-verified-platform\"><span class=\"ti-verified-tooltip\">Trustindex \u00fcberpr\u00fcft, ob die Originalquelle der Bewertung Google ist.<\/span><\/span><\/span> <div class=\"ti-review-text-container ti-review-content\"><!-- R-CONTENT -->Dr. M.M. hat sehr wesentlich zu meiner Genesung beigetragen !<!-- R-CONTENT --><\/div> <span class=\"ti-read-more\" data-container=\".ti-review-content\" data-collapse-text=\"Ausblenden\" data-open-text=\"Weiterlesen\" ><\/span> <\/div> <\/div>  <div data-empty=\"0\" class=\"ti-review-item source-Google ti-image-layout-thumbnail\" data-id=\"cfcd208495d565ef66e7dff9f98764da\" > <div class=\"ti-inner\"> <div class=\"ti-review-header\"> <div class=\"ti-platform-icon ti-with-tooltip\"> <span class=\"ti-tooltip\">Gepostet auf <\/span> <trustindex-image data-imgurl=\"https:\/\/cdn.trustindex.io\/assets\/platform\/Google\/icon.svg\" alt=\"\" width=\"20\" height=\"20\" loading=\"lazy\" ><\/trustindex-image> <\/div> <div class=\"ti-profile-img\"> <trustindex-image data-imgurl=\"https:\/\/lh3.googleusercontent.com\/a\/ACg8ocLEHpn5v9wBegRBGG-8rCXDIvES8IVUQ5mx2xh0j1c3Tb1K=w40-h40-c-rp-mo-br100\" data-imgurlset=\"https:\/\/lh3.googleusercontent.com\/a\/ACg8ocLEHpn5v9wBegRBGG-8rCXDIvES8IVUQ5mx2xh0j1c3Tb1K=w80-h80-c-rp-mo-br100 2x\" alt=\"Cornelia Puschner profile picture\" loading=\"lazy\" ><\/trustindex-image> <\/div> <div class=\"ti-profile-details\"> <div class=\"ti-name\"> Cornelia Puschner <\/div> <div class=\"ti-date\">11\/11\/2024<\/div> <\/div> <\/div> <span class=\"ti-stars\"><trustindex-image class=\"ti-star\" data-imgurl=\"https:\/\/cdn.trustindex.io\/assets\/platform\/Google\/star\/f.svg\" alt=\"Google\" width=\"17\" height=\"17\" loading=\"lazy\" ><\/trustindex-image><trustindex-image class=\"ti-star\" data-imgurl=\"https:\/\/cdn.trustindex.io\/assets\/platform\/Google\/star\/f.svg\" alt=\"Google\" width=\"17\" height=\"17\" loading=\"lazy\" ><\/trustindex-image><trustindex-image class=\"ti-star\" data-imgurl=\"https:\/\/cdn.trustindex.io\/assets\/platform\/Google\/star\/f.svg\" alt=\"Google\" width=\"17\" height=\"17\" loading=\"lazy\" ><\/trustindex-image><trustindex-image class=\"ti-star\" data-imgurl=\"https:\/\/cdn.trustindex.io\/assets\/platform\/Google\/star\/f.svg\" alt=\"Google\" width=\"17\" height=\"17\" loading=\"lazy\" ><\/trustindex-image><trustindex-image class=\"ti-star\" data-imgurl=\"https:\/\/cdn.trustindex.io\/assets\/platform\/Google\/star\/f.svg\" alt=\"Google\" width=\"17\" height=\"17\" loading=\"lazy\" ><\/trustindex-image><span class=\"ti-verified-review ti-verified-platform\"><span class=\"ti-verified-tooltip\">Trustindex \u00fcberpr\u00fcft, ob die Originalquelle der Bewertung Google ist.<\/span><\/span><\/span> <div class=\"ti-review-text-container ti-review-content\"><!-- R-CONTENT -->Ein junger bem\u00fchter und verst\u00e4ndnisvoller Arzt bei dem der einzelne Mensch z\u00e4hlt.\nMan f\u00fchlt sich verstanden und ernst genommen.\nBei Fragen auch per Telefon und E-Mail erreichbar. Er nimmt sich wirklich Zeit und antwortet pers\u00f6nlich und ausf\u00fchrlich - wenn ich k\u00f6nnte w\u00fcrde ich 10 Sterne vergeben.\nEs sollte vielmehr \u00c4rzte wie ihn geben.\nZusammengefasst kann ich sagen:\n\u201eer hat das Herz am rechten Fleck\u201c\nGro\u00dfe Weiterempfehlung von mir.<!-- R-CONTENT --><\/div> <span class=\"ti-read-more\" data-container=\".ti-review-content\" data-collapse-text=\"Ausblenden\" data-open-text=\"Weiterlesen\" ><\/span> <\/div> <\/div>  <div data-empty=\"0\" class=\"ti-review-item source-Google ti-image-layout-thumbnail\" data-id=\"cfcd208495d565ef66e7dff9f98764da\" > <div class=\"ti-inner\"> <div class=\"ti-review-header\"> <div class=\"ti-platform-icon ti-with-tooltip\"> <span class=\"ti-tooltip\">Gepostet auf <\/span> <trustindex-image data-imgurl=\"https:\/\/cdn.trustindex.io\/assets\/platform\/Google\/icon.svg\" alt=\"\" width=\"20\" height=\"20\" loading=\"lazy\" ><\/trustindex-image> <\/div> <div class=\"ti-profile-img\"> <trustindex-image data-imgurl=\"https:\/\/lh3.googleusercontent.com\/a\/ACg8ocJYBKiP6WEpk3JA2ahxNnqMLjgYTeqC7t3PZCdP31ufwsv-JA=w40-h40-c-rp-mo-br100\" data-imgurlset=\"https:\/\/lh3.googleusercontent.com\/a\/ACg8ocJYBKiP6WEpk3JA2ahxNnqMLjgYTeqC7t3PZCdP31ufwsv-JA=w80-h80-c-rp-mo-br100 2x\" alt=\"Craig M\u00fcllbach profile picture\" loading=\"lazy\" ><\/trustindex-image> <\/div> <div class=\"ti-profile-details\"> <div class=\"ti-name\"> Craig M\u00fcllbach <\/div> <div class=\"ti-date\">20\/10\/2024<\/div> <\/div> <\/div> <span class=\"ti-stars\"><trustindex-image class=\"ti-star\" data-imgurl=\"https:\/\/cdn.trustindex.io\/assets\/platform\/Google\/star\/f.svg\" alt=\"Google\" width=\"17\" height=\"17\" loading=\"lazy\" ><\/trustindex-image><trustindex-image class=\"ti-star\" data-imgurl=\"https:\/\/cdn.trustindex.io\/assets\/platform\/Google\/star\/f.svg\" alt=\"Google\" width=\"17\" height=\"17\" loading=\"lazy\" ><\/trustindex-image><trustindex-image class=\"ti-star\" data-imgurl=\"https:\/\/cdn.trustindex.io\/assets\/platform\/Google\/star\/f.svg\" alt=\"Google\" width=\"17\" height=\"17\" loading=\"lazy\" ><\/trustindex-image><trustindex-image class=\"ti-star\" data-imgurl=\"https:\/\/cdn.trustindex.io\/assets\/platform\/Google\/star\/f.svg\" alt=\"Google\" width=\"17\" height=\"17\" loading=\"lazy\" ><\/trustindex-image><trustindex-image class=\"ti-star\" data-imgurl=\"https:\/\/cdn.trustindex.io\/assets\/platform\/Google\/star\/f.svg\" alt=\"Google\" width=\"17\" height=\"17\" loading=\"lazy\" ><\/trustindex-image><span class=\"ti-verified-review ti-verified-platform\"><span class=\"ti-verified-tooltip\">Trustindex \u00fcberpr\u00fcft, ob die Originalquelle der Bewertung Google ist.<\/span><\/span><\/span> <div class=\"ti-review-text-container ti-review-content\"><!-- R-CONTENT -->Keine Wartezeit, sehr nett  und immer erreichbar.<!-- R-CONTENT --><\/div> <span class=\"ti-read-more\" data-container=\".ti-review-content\" data-collapse-text=\"Ausblenden\" data-open-text=\"Weiterlesen\" ><\/span> <\/div> <\/div>  <div data-empty=\"0\" class=\"ti-review-item source-Google ti-image-layout-thumbnail\" data-id=\"cfcd208495d565ef66e7dff9f98764da\" > <div class=\"ti-inner\"> <div class=\"ti-review-header\"> <div class=\"ti-platform-icon ti-with-tooltip\"> <span class=\"ti-tooltip\">Gepostet auf <\/span> <trustindex-image data-imgurl=\"https:\/\/cdn.trustindex.io\/assets\/platform\/Google\/icon.svg\" alt=\"\" width=\"20\" height=\"20\" loading=\"lazy\" ><\/trustindex-image> <\/div> <div class=\"ti-profile-img\"> <trustindex-image data-imgurl=\"https:\/\/lh3.googleusercontent.com\/a\/ACg8ocIAeVMCPJtJgSmHYGaARunyQq7nDMjk3K3Imm_WjP0_4_wllA=w40-h40-c-rp-mo-br100\" data-imgurlset=\"https:\/\/lh3.googleusercontent.com\/a\/ACg8ocIAeVMCPJtJgSmHYGaARunyQq7nDMjk3K3Imm_WjP0_4_wllA=w80-h80-c-rp-mo-br100 2x\" alt=\"Josiane Wirsum profile picture\" loading=\"lazy\" ><\/trustindex-image> <\/div> <div class=\"ti-profile-details\"> <div class=\"ti-name\"> Josiane Wirsum <\/div> <div class=\"ti-date\">20\/10\/2024<\/div> <\/div> <\/div> <span class=\"ti-stars\"><trustindex-image class=\"ti-star\" data-imgurl=\"https:\/\/cdn.trustindex.io\/assets\/platform\/Google\/star\/f.svg\" alt=\"Google\" width=\"17\" height=\"17\" loading=\"lazy\" ><\/trustindex-image><trustindex-image class=\"ti-star\" data-imgurl=\"https:\/\/cdn.trustindex.io\/assets\/platform\/Google\/star\/f.svg\" alt=\"Google\" width=\"17\" height=\"17\" loading=\"lazy\" ><\/trustindex-image><trustindex-image class=\"ti-star\" data-imgurl=\"https:\/\/cdn.trustindex.io\/assets\/platform\/Google\/star\/f.svg\" alt=\"Google\" width=\"17\" height=\"17\" loading=\"lazy\" ><\/trustindex-image><trustindex-image class=\"ti-star\" data-imgurl=\"https:\/\/cdn.trustindex.io\/assets\/platform\/Google\/star\/f.svg\" alt=\"Google\" width=\"17\" height=\"17\" loading=\"lazy\" ><\/trustindex-image><trustindex-image class=\"ti-star\" data-imgurl=\"https:\/\/cdn.trustindex.io\/assets\/platform\/Google\/star\/f.svg\" alt=\"Google\" width=\"17\" height=\"17\" loading=\"lazy\" ><\/trustindex-image><span class=\"ti-verified-review ti-verified-platform\"><span class=\"ti-verified-tooltip\">Trustindex \u00fcberpr\u00fcft, ob die Originalquelle der Bewertung Google ist.<\/span><\/span><\/span> <div class=\"ti-review-text-container ti-review-content\"><!-- R-CONTENT -->Ich bin eine Patientin von Hr. Dr. Darius-Catalin Morariu-Marina\/nocancer.\nDieser Arzt verdient eine besondere Rezension da Er f\u00fcr seine Patienten\/in immer zur Verf\u00fcgung steht. Termine, z.B. im Krankenhaus ist selbstverst\u00e4ndlich von Ihm organisiert. Aber auch Ausk\u00fcnfte oder Aufkl\u00e4rungen schreibt Er per Mail oder noch besser Er ruft seine Patienten\/in an.\nMan f\u00fchlt sich in sehr gute H\u00e4nden aufgehoben. Eine Vertrauensperson ist Er und sehr engagiert.\nIch bin sehr froh Ihn per Internet ausgew\u00e4hlt zu haben. Bein ersten Treffen sp\u00fcrte ich eine positive Energie, zus\u00e4tzlich hat Er eine super Ausstrahlung, dies verriet mir einen besonderen Arzt getroffen zu haben.\nEr ist  jung,  sehr menschlich, sehr aufmerksam , sehr zuverl\u00e4ssig und kann gut zuh\u00f6ren. Diese positive Eigenschafften\/Qualit\u00e4ten sind in der Regel bei viele \u00c4rzte , leider nicht mehr vorhanden.\nAber auch, die Empfangsdame die seine Gattin ist, ist eine sehr liebe Frau der sich sehr bem\u00fcht in alle Bereiche.\nZwei junge Menschen die es verdienen gelobt zu werden.<!-- R-CONTENT --><\/div> <span class=\"ti-read-more\" data-container=\".ti-review-content\" data-collapse-text=\"Ausblenden\" data-open-text=\"Weiterlesen\" ><\/span> <\/div> <\/div>  <div data-empty=\"0\" class=\"ti-review-item source-Google ti-image-layout-thumbnail\" data-id=\"cfcd208495d565ef66e7dff9f98764da\" > <div class=\"ti-inner\"> <div class=\"ti-review-header\"> <div class=\"ti-platform-icon ti-with-tooltip\"> <span class=\"ti-tooltip\">Gepostet auf <\/span> <trustindex-image data-imgurl=\"https:\/\/cdn.trustindex.io\/assets\/platform\/Google\/icon.svg\" alt=\"\" width=\"20\" height=\"20\" loading=\"lazy\" ><\/trustindex-image> <\/div> <div class=\"ti-profile-img\"> <trustindex-image data-imgurl=\"https:\/\/lh3.googleusercontent.com\/a\/ACg8ocJn-ZRxn6rvK5PVZvyvqtm9nfoLHiIibZSyJ9SEncy5fn73gw=w40-h40-c-rp-mo-br100\" data-imgurlset=\"https:\/\/lh3.googleusercontent.com\/a\/ACg8ocJn-ZRxn6rvK5PVZvyvqtm9nfoLHiIibZSyJ9SEncy5fn73gw=w80-h80-c-rp-mo-br100 2x\" alt=\"Nicole Klauninger profile picture\" loading=\"lazy\" ><\/trustindex-image> <\/div> <div class=\"ti-profile-details\"> <div class=\"ti-name\"> Nicole Klauninger <\/div> <div class=\"ti-date\">15\/10\/2024<\/div> <\/div> <\/div> <span class=\"ti-stars\"><trustindex-image class=\"ti-star\" data-imgurl=\"https:\/\/cdn.trustindex.io\/assets\/platform\/Google\/star\/f.svg\" alt=\"Google\" width=\"17\" height=\"17\" loading=\"lazy\" ><\/trustindex-image><trustindex-image class=\"ti-star\" data-imgurl=\"https:\/\/cdn.trustindex.io\/assets\/platform\/Google\/star\/f.svg\" alt=\"Google\" width=\"17\" height=\"17\" loading=\"lazy\" ><\/trustindex-image><trustindex-image class=\"ti-star\" data-imgurl=\"https:\/\/cdn.trustindex.io\/assets\/platform\/Google\/star\/f.svg\" alt=\"Google\" width=\"17\" height=\"17\" loading=\"lazy\" ><\/trustindex-image><trustindex-image class=\"ti-star\" data-imgurl=\"https:\/\/cdn.trustindex.io\/assets\/platform\/Google\/star\/f.svg\" alt=\"Google\" width=\"17\" height=\"17\" loading=\"lazy\" ><\/trustindex-image><trustindex-image class=\"ti-star\" data-imgurl=\"https:\/\/cdn.trustindex.io\/assets\/platform\/Google\/star\/f.svg\" alt=\"Google\" width=\"17\" height=\"17\" loading=\"lazy\" ><\/trustindex-image><span class=\"ti-verified-review ti-verified-platform\"><span class=\"ti-verified-tooltip\">Trustindex \u00fcberpr\u00fcft, ob die Originalquelle der Bewertung Google ist.<\/span><\/span><\/span> <div class=\"ti-review-text-container ti-review-content\"><!-- R-CONTENT -->Ein junger sehr kompetenter Arzt, der sich viel Zeit f\u00fcr die Patienten nimmt! F\u00fcr alle Fragen offen! Bin sehr froh, dass ich durch Zufall auf ihn gesto\u00dfen bin.\nKann ihn auf jeden Fall weiterempfehlen!!!<!-- R-CONTENT --><\/div> <span class=\"ti-read-more\" data-container=\".ti-review-content\" data-collapse-text=\"Ausblenden\" data-open-text=\"Weiterlesen\" ><\/span> <\/div> <\/div>  <div data-empty=\"0\" class=\"ti-review-item source-Google ti-image-layout-thumbnail\" data-id=\"cfcd208495d565ef66e7dff9f98764da\" > <div class=\"ti-inner\"> <div class=\"ti-review-header\"> <div class=\"ti-platform-icon ti-with-tooltip\"> <span class=\"ti-tooltip\">Gepostet auf <\/span> <trustindex-image data-imgurl=\"https:\/\/cdn.trustindex.io\/assets\/platform\/Google\/icon.svg\" alt=\"\" width=\"20\" height=\"20\" loading=\"lazy\" ><\/trustindex-image> <\/div> <div class=\"ti-profile-img\"> <trustindex-image data-imgurl=\"https:\/\/lh3.googleusercontent.com\/a\/ACg8ocLK2XvL5Dniyr7H794HrUpuHIzseUNkqbxRGN5ZXv3a1kFl0Q=w40-h40-c-rp-mo-br100\" data-imgurlset=\"https:\/\/lh3.googleusercontent.com\/a\/ACg8ocLK2XvL5Dniyr7H794HrUpuHIzseUNkqbxRGN5ZXv3a1kFl0Q=w80-h80-c-rp-mo-br100 2x\" alt=\"denisa-maria drugescu profile picture\" loading=\"lazy\" ><\/trustindex-image> <\/div> <div class=\"ti-profile-details\"> <div class=\"ti-name\"> denisa-maria drugescu <\/div> <div class=\"ti-date\">30\/08\/2024<\/div> <\/div> <\/div> <span class=\"ti-stars\"><trustindex-image class=\"ti-star\" data-imgurl=\"https:\/\/cdn.trustindex.io\/assets\/platform\/Google\/star\/f.svg\" alt=\"Google\" width=\"17\" height=\"17\" loading=\"lazy\" ><\/trustindex-image><trustindex-image class=\"ti-star\" data-imgurl=\"https:\/\/cdn.trustindex.io\/assets\/platform\/Google\/star\/f.svg\" alt=\"Google\" width=\"17\" height=\"17\" loading=\"lazy\" ><\/trustindex-image><trustindex-image class=\"ti-star\" data-imgurl=\"https:\/\/cdn.trustindex.io\/assets\/platform\/Google\/star\/f.svg\" alt=\"Google\" width=\"17\" height=\"17\" loading=\"lazy\" ><\/trustindex-image><trustindex-image class=\"ti-star\" data-imgurl=\"https:\/\/cdn.trustindex.io\/assets\/platform\/Google\/star\/f.svg\" alt=\"Google\" width=\"17\" height=\"17\" loading=\"lazy\" ><\/trustindex-image><trustindex-image class=\"ti-star\" data-imgurl=\"https:\/\/cdn.trustindex.io\/assets\/platform\/Google\/star\/f.svg\" alt=\"Google\" width=\"17\" height=\"17\" loading=\"lazy\" ><\/trustindex-image><span class=\"ti-verified-review ti-verified-platform\"><span class=\"ti-verified-tooltip\">Trustindex \u00fcberpr\u00fcft, ob die Originalquelle der Bewertung Google ist.<\/span><\/span><\/span> <div class=\"ti-review-text-container ti-review-content\"><!-- R-CONTENT -->2021 fing alles an, meine Mama wurde mit einem Tumor am rechten Auge diagnostiziert, sie bekam eine Prothese und f\u00fcr einen Moment war alles in Ordnung. Jedoch fand man bei weiteren MRT Untersuchungen ein Krebsstadium, welches derma\u00dfen b\u00f6sartig war, dass ihr K\u00f6rper jegliche Chemotherapien verweigerte. Eines Tages fragte sie Ihren Arzt wie lange er denkt, dass sie noch leben w\u00fcrde, seine Antwort war kalt und herabw\u00fcrdigend 2-3 Monate, antwortete er w\u00e4hrend er entspannt seinen Kaffee trank & seine Schokolade a\u00df. Ein paar Wochen drauf, hatte meine Mama eine Kontrolle und da traf sie auf Dr. Darius Morariu-Marina. Er war f\u00fcr meine Mama w\u00e4hrend dieser 1 1\/2 Jahre wie ein Engel, sagte sie immer, da er rund um die Uhr f\u00fcr seine Patienten gesorgt hat, vor allem bei jeglichen Fragen bez\u00fcglich der Medikamente.\n\nConclusio: Dr. Darius Morariu-Marina arbeitet mit Leidenschaft und diese ist jedes Mal aufs Neue erkennbar. Er investiert au\u00dferdem die notwendige Zeit, die seine Patienten ben\u00f6tigen \u2013 ein engagierter Arzt mit Passion f\u00fcr seine Arbeit. Ich kann ihn nur weiterempfehlen!<!-- R-CONTENT --><\/div> <span class=\"ti-read-more\" data-container=\".ti-review-content\" data-collapse-text=\"Ausblenden\" data-open-text=\"Weiterlesen\" ><\/span> <\/div> <\/div>  <\/div> <div class=\"ti-controls-line\"> <div class=\"dot\"><\/div> <\/div> <\/div>    <div class=\"ti-verified-by ti-verified-by-row\" data-style=\"2\"> <div class=\"ti-inner\"> Verifiziert von: Trustindex <span class=\"ti-info-icon\"><\/span> <div class=\"ti-disclaimer\">Das verifizierte Trustindex-Abzeichen ist das universelle Symbol des Vertrauens. Nur die besten Unternehmen k\u00f6nnen das verifizierte Abzeichen erhalten, die eine Bewertungsnote \u00fcber 4.5 haben, basierend auf Kundenbewertungen der letzten 12 Monate. <a href=\"https:\/\/www.trustindex.io\/?a=sys&c=wp-verified-badge&url=\/the-trustindex-verified-badge\/\" target=\"_blank\">Mehr erfahren<\/a><\/div> <\/div> <\/div>  <\/div> <\/div> <\/template><\/pre><div data-src=\"https:\/\/cdn.trustindex.io\/loader.js?wp-widget\" data-template-id=\"trustindex-google-widget-html\" data-css-url=\"https:\/\/www.nocancer.at\/wp-content\/uploads\/trustindex-google-widget.css?1759812282\"><\/div>","protected":false},"excerpt":{"rendered":"<p>Als Ihr Wahlarzt f\u00fcr Onkologie und H\u00e4matologie bin ich auf die Abkl\u00e4rung, Diagnose und Nachsorge von Krebserkrankungen spezialisiert. Mein Ziel ist es Erkrankungen fr\u00fchzeitig zu erkennen und effektiv zu behandeln, um Ihnen die bestm\u00f6glichen Heilungschancen zu bieten. Mein Fokus liegt nicht nur auf der medizinischen Expertise, sondern auch auf der F\u00f6rderung Ihrer ganzheitlichen Gesundheit und Ihres Wohlbefindens. Egal ob Sie spezifische medizinische Herausforderungen haben oder Unterst\u00fctzung in den Bereichen Ern\u00e4hrung und Lebensstil suchen, ich stehe Ihnen zur Seite. In meiner Praxis biete ich umfassende Ern\u00e4hrungsberatung f\u00fcr alle an, die ihre Essgewohnheiten verbessern m\u00f6chten, sei es zum Abnehmen, Zunehmen oder einfach zur F\u00f6rderung einer gesunden Lebensweise. Sie, als Mensch, stehen bei mir im Mittelpunkt. Ich verpflichte mich, Ihnen eine pers\u00f6nliche und einf\u00fchlsame Betreuung zu bieten, die auf Ihre individuellen Bed\u00fcrfnisse zugeschnitten ist. Wir bitten um Terminvereinbarung &#8211; &#160;&#160;&#160;&#160;<\/p>","protected":false},"author":1,"featured_media":258,"parent":0,"menu_order":0,"comment_status":"closed","ping_status":"open","template":"templates\/template-full-width.php","meta":{"footnotes":""},"class_list":["post-2","page","type-page","status-publish","has-post-thumbnail","hentry"],"aioseo_notices":[],"_links":{"self":[{"href":"https:\/\/www.nocancer.at\/ro\/wp-json\/wp\/v2\/pages\/2","targetHints":{"allow":["GET"]}}],"collection":[{"href":"https:\/\/www.nocancer.at\/ro\/wp-json\/wp\/v2\/pages"}],"about":[{"href":"https:\/\/www.nocancer.at\/ro\/wp-json\/wp\/v2\/types\/page"}],"author":[{"embeddable":true,"href":"https:\/\/www.nocancer.at\/ro\/wp-json\/wp\/v2\/users\/1"}],"replies":[{"embeddable":true,"href":"https:\/\/www.nocancer.at\/ro\/wp-json\/wp\/v2\/comments?post=2"}],"version-history":[{"count":28,"href":"https:\/\/www.nocancer.at\/ro\/wp-json\/wp\/v2\/pages\/2\/revisions"}],"predecessor-version":[{"id":354,"href":"https:\/\/www.nocancer.at\/ro\/wp-json\/wp\/v2\/pages\/2\/revisions\/354"}],"wp:featuredmedia":[{"embeddable":true,"href":"https:\/\/www.nocancer.at\/ro\/wp-json\/wp\/v2\/media\/258"}],"wp:attachment":[{"href":"https:\/\/www.nocancer.at\/ro\/wp-json\/wp\/v2\/media?parent=2"}],"curies":[{"name":"wp","href":"https:\/\/api.w.org\/{rel}","templated":true}]}}