{"id":323,"date":"2024-03-19T08:31:59","date_gmt":"2024-03-19T07:31:59","guid":{"rendered":"https:\/\/www.nocancer.at\/?page_id=323"},"modified":"2024-03-19T08:32:01","modified_gmt":"2024-03-19T07:32:01","slug":"turism-medical","status":"publish","type":"page","link":"https:\/\/www.nocancer.at\/ro\/turism-medical\/","title":{"rendered":"Turism medical"},"content":{"rendered":"<p>Descoperi\u021bi tratamente medicale de cea mai \u00eenalt\u0103 calitate \u00een Austria, prin serviciul nostru complet de turism medical. Colabor\u00e2nd cu chirurgi, radioterapeu\u021bi, radiologi \u0219i oncologi din Austria, v\u0103 oferim planuri de tratament personalizate, care variaz\u0103 de la terapii oncologice inovative, p\u00e2n\u0103 la opera\u021bii avansate asistate de robotul Da Vinci. Contactele noastre includ spitale publice, precum \u201eAKH Viena\u201c, \u0219i private, precum renumitul Wiener Privat Klinik. Astfel ve\u021bi avea acces la \u00eengrijire medical\u0103 de prim\u0103 clas\u0103. De asemenea, v\u0103 putem pune \u00een contact cu centrul Medaustron din Wiener Neustadt, unic \u00een Europa, care este specializat \u00een radioterapia cu protoni sau cu ioni de carbon &#8211; o metod\u0103 inovatoare \u0219i precis\u0103 care omoar\u0103 doar celulele canceroase. Prin urmare, v\u0103 punem \u00een contact cu cei mai buni speciali\u0219ti pentru diagnosticul dumneavoastr\u0103.<\/p>\n\n\n\n<p>Misiunea noastr\u0103 este de a oferi solu\u021bii personalizate fiec\u0103rui pacient care caut\u0103 excelen\u021b\u0103 \u00een tratament sau are nevoie de opinia unui expert. Ave\u021bi \u00eencredere \u00een experien\u021ba noastr\u0103; pune\u021bi-v\u0103 s\u0103n\u0103tatea \u00een cele mai bune m\u00e2ini.<\/p>","protected":false},"excerpt":{"rendered":"<p>Descoperi\u021bi tratamente medicale de cea mai \u00eenalt\u0103 calitate \u00een Austria, prin serviciul nostru complet de turism medical. Colabor\u00e2nd cu chirurgi, radioterapeu\u021bi, radiologi \u0219i oncologi din Austria, v\u0103 oferim planuri de tratament personalizate, care variaz\u0103 de la terapii oncologice inovative, p\u00e2n\u0103 la opera\u021bii avansate asistate de robotul Da Vinci. Contactele noastre includ spitale publice, precum \u201eAKH Viena\u201c, \u0219i private, precum renumitul Wiener Privat Klinik. Astfel ve\u021bi avea acces la \u00eengrijire medical\u0103 de prim\u0103 clas\u0103. De asemenea, v\u0103 putem pune \u00een contact cu centrul Medaustron din Wiener Neustadt, unic \u00een Europa, care este specializat \u00een radioterapia cu protoni sau cu ioni de carbon &#8211; o metod\u0103 inovatoare \u0219i precis\u0103 care omoar\u0103 doar celulele canceroase. Prin urmare, v\u0103 punem \u00een contact cu cei mai buni speciali\u0219ti pentru diagnosticul dumneavoastr\u0103. Misiunea noastr\u0103 este de a oferi solu\u021bii personalizate fiec\u0103rui pacient care caut\u0103 excelen\u021b\u0103 \u00een tratament sau are nevoie de opinia unui expert. Ave\u021bi \u00eencredere \u00een experien\u021ba noastr\u0103; pune\u021bi-v\u0103 s\u0103n\u0103tatea \u00een cele mai bune m\u00e2ini.<\/p>","protected":false},"author":1,"featured_media":0,"parent":0,"menu_order":0,"comment_status":"closed","ping_status":"closed","template":"","meta":{"footnotes":""},"class_list":["post-323","page","type-page","status-publish","hentry"],"aioseo_notices":[],"_links":{"self":[{"href":"https:\/\/www.nocancer.at\/ro\/wp-json\/wp\/v2\/pages\/323","targetHints":{"allow":["GET"]}}],"collection":[{"href":"https:\/\/www.nocancer.at\/ro\/wp-json\/wp\/v2\/pages"}],"about":[{"href":"https:\/\/www.nocancer.at\/ro\/wp-json\/wp\/v2\/types\/page"}],"author":[{"embeddable":true,"href":"https:\/\/www.nocancer.at\/ro\/wp-json\/wp\/v2\/users\/1"}],"replies":[{"embeddable":true,"href":"https:\/\/www.nocancer.at\/ro\/wp-json\/wp\/v2\/comments?post=323"}],"version-history":[{"count":1,"href":"https:\/\/www.nocancer.at\/ro\/wp-json\/wp\/v2\/pages\/323\/revisions"}],"predecessor-version":[{"id":324,"href":"https:\/\/www.nocancer.at\/ro\/wp-json\/wp\/v2\/pages\/323\/revisions\/324"}],"wp:attachment":[{"href":"https:\/\/www.nocancer.at\/ro\/wp-json\/wp\/v2\/media?parent=323"}],"curies":[{"name":"wp","href":"https:\/\/api.w.org\/{rel}","templated":true}]}}